{"id":162,"date":"2025-07-28T19:12:00","date_gmt":"2025-07-28T17:12:00","guid":{"rendered":"https:\/\/pradaabogados.es\/?page_id=162"},"modified":"2025-08-04T17:04:06","modified_gmt":"2025-08-04T15:04:06","slug":"servicios","status":"publish","type":"page","link":"https:\/\/pradaabogados.es\/index.php\/servicios\/","title":{"rendered":"Servicios"},"content":{"rendered":"\t\t<div data-elementor-type=\"wp-page\" data-elementor-id=\"162\" class=\"elementor elementor-162\" data-elementor-post-type=\"page\">\n\t\t\t\t<div class=\"elementor-element elementor-element-30b128c e-flex e-con-boxed e-con e-parent\" data-id=\"30b128c\" data-element_type=\"container\">\n\t\t\t\t\t<div class=\"e-con-inner\">\n\t\t\t\t<div class=\"elementor-element elementor-element-1189e5a elementor-widget__width-initial elementor-widget elementor-widget-heading\" data-id=\"1189e5a\" data-element_type=\"widget\" data-widget_type=\"heading.default\">\n\t\t\t\t\t<h2 class=\"elementor-heading-title elementor-size-default\">Servicios Jur\u00eddicos Especializados<\/h2>\t\t\t\t<\/div>\n\t\t\t\t<div class=\"elementor-element elementor-element-ce1ad87 elementor-widget__width-inherit elementor-widget-tablet__width-initial elementor-widget elementor-widget-text-editor\" data-id=\"ce1ad87\" data-element_type=\"widget\" data-widget_type=\"text-editor.default\">\n\t\t\t\t\t\t\t\t\t<p>Ofrecemos asesoramiento y defensa de m\u00e1ximo nivel en todas las \u00e1reas del Derecho Penal Econ\u00f3mico<\/p>\t\t\t\t\t\t\t\t<\/div>\n\t\t\t\t\t<\/div>\n\t\t\t\t<\/div>\n\t\t<div class=\"elementor-element elementor-element-e4a8f37 e-flex e-con-boxed e-con e-parent\" data-id=\"e4a8f37\" data-element_type=\"container\">\n\t\t\t\t\t<div class=\"e-con-inner\">\n\t\t\t\t<div class=\"elementor-element elementor-element-c987b60 elementor-widget__width-inherit elementor-widget elementor-widget-heading\" data-id=\"c987b60\" data-element_type=\"widget\" data-widget_type=\"heading.default\">\n\t\t\t\t\t<h2 class=\"elementor-heading-title elementor-size-default\">Derecho Penal Econ\u00f3mico<\/h2>\t\t\t\t<\/div>\n\t\t\t\t<div class=\"elementor-element elementor-element-b62c171 elementor-widget__width-inherit elementor-widget-mobile__width-inherit elementor-widget elementor-widget-text-editor\" data-id=\"b62c171\" data-element_type=\"widget\" data-widget_type=\"text-editor.default\">\n\t\t\t\t\t\t\t\t\t<p class=\"text-lg text-gray-700 mb-4\">En PRADA ABOGADOS nos dedicamos exclusivamente a la pr\u00e1ctica del Derecho Penal Econ\u00f3mico, un \u00e1rea del Derecho Penal que requiere no solo conocimientos jur\u00eddicos profundos, sino tambi\u00e9n una s\u00f3lida comprensi\u00f3n del entorno econ\u00f3mico, financiero y empresarial.<\/p><p class=\"text-lg text-gray-700\">Nuestro equipo de profesionales cuenta con la experiencia y especializaci\u00f3n necesarias para ofrecer a nuestros clientes la mejor defensa posible en procedimientos relacionados con delitos econ\u00f3micos, tanto en la fase de investigaci\u00f3n como en el enjuiciamiento.<\/p>\t\t\t\t\t\t\t\t<\/div>\n\t\t\t\t\t<\/div>\n\t\t\t\t<\/div>\n\t\t<div class=\"elementor-element elementor-element-a484dcc e-flex e-con-boxed e-con e-parent\" data-id=\"a484dcc\" data-element_type=\"container\" data-settings=\"{&quot;background_background&quot;:&quot;classic&quot;}\">\n\t\t\t\t\t<div class=\"e-con-inner\">\n\t\t\t\t<div class=\"elementor-element elementor-element-a057132 elementor-widget elementor-widget-heading\" data-id=\"a057132\" data-element_type=\"widget\" data-widget_type=\"heading.default\">\n\t\t\t\t\t<h2 class=\"elementor-heading-title elementor-size-default\">\u00c1reas de Pr\u00e1ctica<\/h2>\t\t\t\t<\/div>\n\t\t<div class=\"elementor-element elementor-element-213f412 e-grid e-con-full e-con e-child\" data-id=\"213f412\" data-element_type=\"container\">\n\t\t<div class=\"elementor-element elementor-element-7fd21b2 e-con-full e-flex e-con e-child\" data-id=\"7fd21b2\" data-element_type=\"container\">\n\t\t\t\t<div class=\"elementor-element elementor-element-4660aa1 nofill elementor-view-default elementor-widget elementor-widget-icon\" data-id=\"4660aa1\" data-element_type=\"widget\" data-widget_type=\"icon.default\">\n\t\t\t\t\t\t\t<div class=\"elementor-icon-wrapper\">\n\t\t\t<div class=\"elementor-icon\">\n\t\t\t<svg xmlns=\"http:\/\/www.w3.org\/2000\/svg\" width=\"36\" height=\"36\" viewBox=\"0 0 24 24\" fill=\"none\" stroke=\"currentColor\" stroke-width=\"2\" stroke-linecap=\"round\" stroke-linejoin=\"round\" class=\"lucide lucide-gavel\"><path d=\"m14.5 12.5-8 8a2.119 2.119 0 1 1-3-3l8-8\"><\/path><path d=\"m16 16 6-6\"><\/path><path d=\"m8 8 6-6\"><\/path><path d=\"m9 7 8 8\"><\/path><path d=\"m21 11-8-8\"><\/path><\/svg>\t\t\t<\/div>\n\t\t<\/div>\n\t\t\t\t\t\t<\/div>\n\t\t\t\t<div class=\"elementor-element elementor-element-2561103 elementor-widget elementor-widget-heading\" data-id=\"2561103\" data-element_type=\"widget\" data-widget_type=\"heading.default\">\n\t\t\t\t\t<h2 class=\"elementor-heading-title elementor-size-default\">Delitos Fiscales<\/h2>\t\t\t\t<\/div>\n\t\t\t\t<div class=\"elementor-element elementor-element-6603540 elementor-widget__width-inherit elementor-widget elementor-widget-text-editor\" data-id=\"6603540\" data-element_type=\"widget\" data-widget_type=\"text-editor.default\">\n\t\t\t\t\t\t\t\t\t<p>Defensa especializada en delitos contra la Hacienda P\u00fablica y fraude fiscal con amplia experiencia en negociaciones con la fiscal\u00eda.<\/p>\t\t\t\t\t\t\t\t<\/div>\n\t\t\t\t<div class=\"elementor-element elementor-element-9c15cbb elementor-align-justify elementor-widget elementor-widget-button\" data-id=\"9c15cbb\" data-element_type=\"widget\" data-widget_type=\"button.default\">\n\t\t\t\t\t\t\t\t\t\t<a class=\"elementor-button elementor-button-link elementor-size-sm\" href=\"#\">\n\t\t\t\t\t\t<span class=\"elementor-button-content-wrapper\">\n\t\t\t\t\t\t\t\t\t<span class=\"elementor-button-text\">M\u00e1s informaci\u00f3n<\/span>\n\t\t\t\t\t<\/span>\n\t\t\t\t\t<\/a>\n\t\t\t\t\t\t\t\t<\/div>\n\t\t\t\t<\/div>\n\t\t<div class=\"elementor-element elementor-element-a4c6c7c e-con-full e-flex e-con e-child\" data-id=\"a4c6c7c\" data-element_type=\"container\">\n\t\t\t\t<div class=\"elementor-element elementor-element-02bb20f nofill elementor-view-default elementor-widget elementor-widget-icon\" data-id=\"02bb20f\" data-element_type=\"widget\" data-widget_type=\"icon.default\">\n\t\t\t\t\t\t\t<div class=\"elementor-icon-wrapper\">\n\t\t\t<div class=\"elementor-icon\">\n\t\t\t<svg xmlns=\"http:\/\/www.w3.org\/2000\/svg\" width=\"36\" height=\"36\" viewBox=\"0 0 24 24\" fill=\"none\" stroke=\"currentColor\" stroke-width=\"2\" stroke-linecap=\"round\" stroke-linejoin=\"round\" class=\"lucide lucide-scale\"><path d=\"m16 16 3-8 3 8c-.87.65-1.92 1-3 1s-2.13-.35-3-1Z\"><\/path><path d=\"m2 16 3-8 3 8c-.87.65-1.92 1-3 1s-2.13-.35-3-1Z\"><\/path><path d=\"M7 21h10\"><\/path><path d=\"M12 3v18\"><\/path><path d=\"M3 7h2c2 0 5-1 7-2 2 1 5 2 7 2h2\"><\/path><\/svg>\t\t\t<\/div>\n\t\t<\/div>\n\t\t\t\t\t\t<\/div>\n\t\t\t\t<div class=\"elementor-element elementor-element-56c3e7e elementor-widget__width-inherit elementor-widget elementor-widget-heading\" data-id=\"56c3e7e\" data-element_type=\"widget\" data-widget_type=\"heading.default\">\n\t\t\t\t\t<h2 class=\"elementor-heading-title elementor-size-default\">Blanqueo de Capitales<\/h2>\t\t\t\t<\/div>\n\t\t\t\t<div class=\"elementor-element elementor-element-50d51a0 elementor-widget__width-inherit elementor-widget elementor-widget-text-editor\" data-id=\"50d51a0\" data-element_type=\"widget\" data-widget_type=\"text-editor.default\">\n\t\t\t\t\t\t\t\t\t<p class=\"text-gray-600 mb-5 flex-grow\">Asesoramiento y defensa en procedimientos relacionados con el blanqueo de capitales y movimientos financieros irregulares.<\/p>\t\t\t\t\t\t\t\t<\/div>\n\t\t\t\t<div class=\"elementor-element elementor-element-5eabc4b elementor-align-justify elementor-widget elementor-widget-button\" data-id=\"5eabc4b\" data-element_type=\"widget\" data-widget_type=\"button.default\">\n\t\t\t\t\t\t\t\t\t\t<a class=\"elementor-button elementor-button-link elementor-size-sm\" href=\"#\">\n\t\t\t\t\t\t<span class=\"elementor-button-content-wrapper\">\n\t\t\t\t\t\t\t\t\t<span class=\"elementor-button-text\">M\u00e1s informaci\u00f3n<\/span>\n\t\t\t\t\t<\/span>\n\t\t\t\t\t<\/a>\n\t\t\t\t\t\t\t\t<\/div>\n\t\t\t\t<\/div>\n\t\t<div class=\"elementor-element elementor-element-7bf4ea1 e-con-full e-flex e-con e-child\" data-id=\"7bf4ea1\" data-element_type=\"container\">\n\t\t\t\t<div class=\"elementor-element elementor-element-b21e89c nofill elementor-view-default elementor-widget elementor-widget-icon\" data-id=\"b21e89c\" data-element_type=\"widget\" data-widget_type=\"icon.default\">\n\t\t\t\t\t\t\t<div class=\"elementor-icon-wrapper\">\n\t\t\t<div class=\"elementor-icon\">\n\t\t\t<svg xmlns=\"http:\/\/www.w3.org\/2000\/svg\" width=\"48\" height=\"48\" viewBox=\"0 0 24 24\" fill=\"none\" stroke=\"currentColor\" stroke-width=\"2\" stroke-linecap=\"round\" stroke-linejoin=\"round\" class=\"lucide lucide-shield mx-auto text-prada-gold\"><path d=\"M20 13c0 5-3.5 7.5-7.66 8.95a1 1 0 0 1-.67-.01C7.5 20.5 4 18 4 13V6a1 1 0 0 1 1-1c2 0 4.5-1.2 6.24-2.72a1.17 1.17 0 0 1 1.52 0C14.51 3.81 17 5 19 5a1 1 0 0 1 1 1z\"><\/path><\/svg>\t\t\t<\/div>\n\t\t<\/div>\n\t\t\t\t\t\t<\/div>\n\t\t\t\t<div class=\"elementor-element elementor-element-296a49c elementor-widget elementor-widget-heading\" data-id=\"296a49c\" data-element_type=\"widget\" data-widget_type=\"heading.default\">\n\t\t\t\t\t<h2 class=\"elementor-heading-title elementor-size-default\">Estafas y Apropiaciones Indebidas<\/h2>\t\t\t\t<\/div>\n\t\t\t\t<div class=\"elementor-element elementor-element-df7aa48 elementor-widget__width-inherit elementor-widget elementor-widget-text-editor\" data-id=\"df7aa48\" data-element_type=\"widget\" data-widget_type=\"text-editor.default\">\n\t\t\t\t\t\t\t\t\t<p>Representaci\u00f3n legal en casos de estafas complejas, apropiaciones indebidas y otros delitos patrimoniales en el \u00e1mbito econ\u00f3mico y empresarial.<\/p>\t\t\t\t\t\t\t\t<\/div>\n\t\t\t\t<div class=\"elementor-element elementor-element-b00abac elementor-align-justify elementor-widget elementor-widget-button\" data-id=\"b00abac\" data-element_type=\"widget\" data-widget_type=\"button.default\">\n\t\t\t\t\t\t\t\t\t\t<a class=\"elementor-button elementor-button-link elementor-size-sm\" href=\"#\">\n\t\t\t\t\t\t<span class=\"elementor-button-content-wrapper\">\n\t\t\t\t\t\t\t\t\t<span class=\"elementor-button-text\">M\u00e1s informaci\u00f3n<\/span>\n\t\t\t\t\t<\/span>\n\t\t\t\t\t<\/a>\n\t\t\t\t\t\t\t\t<\/div>\n\t\t\t\t<\/div>\n\t\t<div class=\"elementor-element elementor-element-5742309 e-con-full e-flex e-con e-child\" data-id=\"5742309\" data-element_type=\"container\">\n\t\t\t\t<div class=\"elementor-element elementor-element-13762bd nofill elementor-view-default elementor-widget elementor-widget-icon\" data-id=\"13762bd\" data-element_type=\"widget\" data-widget_type=\"icon.default\">\n\t\t\t\t\t\t\t<div class=\"elementor-icon-wrapper\">\n\t\t\t<div class=\"elementor-icon\">\n\t\t\t<svg xmlns=\"http:\/\/www.w3.org\/2000\/svg\" width=\"36\" height=\"36\" viewBox=\"0 0 24 24\" fill=\"none\" stroke=\"currentColor\" stroke-width=\"2\" stroke-linecap=\"round\" stroke-linejoin=\"round\" class=\"lucide lucide-building\"><rect width=\"16\" height=\"20\" x=\"4\" y=\"2\" rx=\"2\" ry=\"2\"><\/rect><path d=\"M9 22v-4h6v4\"><\/path><path d=\"M8 6h.01\"><\/path><path d=\"M16 6h.01\"><\/path><path d=\"M12 6h.01\"><\/path><path d=\"M12 10h.01\"><\/path><path d=\"M12 14h.01\"><\/path><path d=\"M16 10h.01\"><\/path><path d=\"M16 14h.01\"><\/path><path d=\"M8 10h.01\"><\/path><path d=\"M8 14h.01\"><\/path><\/svg>\t\t\t<\/div>\n\t\t<\/div>\n\t\t\t\t\t\t<\/div>\n\t\t\t\t<div class=\"elementor-element elementor-element-5f99703 elementor-widget elementor-widget-heading\" data-id=\"5f99703\" data-element_type=\"widget\" data-widget_type=\"heading.default\">\n\t\t\t\t\t<h2 class=\"elementor-heading-title elementor-size-default\">Delitos Societarios\n<\/h2>\t\t\t\t<\/div>\n\t\t\t\t<div class=\"elementor-element elementor-element-104c34b elementor-widget__width-inherit elementor-widget elementor-widget-text-editor\" data-id=\"104c34b\" data-element_type=\"widget\" data-widget_type=\"text-editor.default\">\n\t\t\t\t\t\t\t\t\t<p class=\"text-gray-600 mb-5 flex-grow\">Representaci\u00f3n legal en casos de administraci\u00f3n desleal, apropiaci\u00f3n indebida y otros delitos en el \u00e1mbito corporativo.<\/p>\t\t\t\t\t\t\t\t<\/div>\n\t\t\t\t<div class=\"elementor-element elementor-element-886cbd8 elementor-align-justify elementor-widget elementor-widget-button\" data-id=\"886cbd8\" data-element_type=\"widget\" data-widget_type=\"button.default\">\n\t\t\t\t\t\t\t\t\t\t<a class=\"elementor-button elementor-button-link elementor-size-sm\" href=\"#\">\n\t\t\t\t\t\t<span class=\"elementor-button-content-wrapper\">\n\t\t\t\t\t\t\t\t\t<span class=\"elementor-button-text\">M\u00e1s informaci\u00f3n<\/span>\n\t\t\t\t\t<\/span>\n\t\t\t\t\t<\/a>\n\t\t\t\t\t\t\t\t<\/div>\n\t\t\t\t<\/div>\n\t\t<div class=\"elementor-element elementor-element-2746861 e-con-full e-flex e-con e-child\" data-id=\"2746861\" data-element_type=\"container\">\n\t\t\t\t<div class=\"elementor-element elementor-element-bdca167 nofill elementor-view-default elementor-widget elementor-widget-icon\" data-id=\"bdca167\" data-element_type=\"widget\" data-widget_type=\"icon.default\">\n\t\t\t\t\t\t\t<div class=\"elementor-icon-wrapper\">\n\t\t\t<div class=\"elementor-icon\">\n\t\t\t<svg xmlns=\"http:\/\/www.w3.org\/2000\/svg\" width=\"48\" height=\"48\" viewBox=\"0 0 24 24\" fill=\"none\" stroke=\"currentColor\" stroke-width=\"2\" stroke-linecap=\"round\" stroke-linejoin=\"round\" class=\"lucide lucide-file-search mx-auto text-prada-gold\"><path d=\"M14 2v4a2 2 0 0 0 2 2h4\"><\/path><path d=\"M4.268 21a2 2 0 0 0 1.727 1H18a2 2 0 0 0 2-2V7l-5-5H6a2 2 0 0 0-2 2v3\"><\/path><path d=\"m9 18-1.5-1.5\"><\/path><circle cx=\"5\" cy=\"14\" r=\"3\"><\/circle><\/svg>\t\t\t<\/div>\n\t\t<\/div>\n\t\t\t\t\t\t<\/div>\n\t\t\t\t<div class=\"elementor-element elementor-element-176a631 elementor-widget elementor-widget-heading\" data-id=\"176a631\" data-element_type=\"widget\" data-widget_type=\"heading.default\">\n\t\t\t\t\t<h2 class=\"elementor-heading-title elementor-size-default\">Corrupci\u00f3n en los Negocios<\/h2>\t\t\t\t<\/div>\n\t\t\t\t<div class=\"elementor-element elementor-element-31490b3 elementor-widget__width-inherit elementor-widget elementor-widget-text-editor\" data-id=\"31490b3\" data-element_type=\"widget\" data-widget_type=\"text-editor.default\">\n\t\t\t\t\t\t\t\t\t<p>Asesoramiento y defensa en procedimientos relacionados con sobornos, tr\u00e1fico de influencias, cohecho y otros delitos de corrupci\u00f3n en el \u00e1mbito empresarial.<\/p>\t\t\t\t\t\t\t\t<\/div>\n\t\t\t\t<div class=\"elementor-element elementor-element-10bbb24 elementor-align-justify elementor-widget elementor-widget-button\" data-id=\"10bbb24\" data-element_type=\"widget\" data-widget_type=\"button.default\">\n\t\t\t\t\t\t\t\t\t\t<a class=\"elementor-button elementor-button-link elementor-size-sm\" href=\"#\">\n\t\t\t\t\t\t<span class=\"elementor-button-content-wrapper\">\n\t\t\t\t\t\t\t\t\t<span class=\"elementor-button-text\">Mas informaci\u00f3n<\/span>\n\t\t\t\t\t<\/span>\n\t\t\t\t\t<\/a>\n\t\t\t\t\t\t\t\t<\/div>\n\t\t\t\t<\/div>\n\t\t<div class=\"elementor-element elementor-element-5792154 e-con-full e-flex e-con e-child\" data-id=\"5792154\" data-element_type=\"container\">\n\t\t\t\t<div class=\"elementor-element elementor-element-8aef704 nofill elementor-view-default elementor-widget elementor-widget-icon\" data-id=\"8aef704\" data-element_type=\"widget\" data-widget_type=\"icon.default\">\n\t\t\t\t\t\t\t<div class=\"elementor-icon-wrapper\">\n\t\t\t<div class=\"elementor-icon\">\n\t\t\t<svg xmlns=\"http:\/\/www.w3.org\/2000\/svg\" width=\"36\" height=\"36\" viewBox=\"0 0 24 24\" fill=\"none\" stroke=\"currentColor\" stroke-width=\"2\" stroke-linecap=\"round\" stroke-linejoin=\"round\" class=\"lucide lucide-file-text\"><path d=\"M15 2H6a2 2 0 0 0-2 2v16a2 2 0 0 0 2 2h12a2 2 0 0 0 2-2V7Z\"><\/path><path d=\"M14 2v4a2 2 0 0 0 2 2h4\"><\/path><path d=\"M10 9H8\"><\/path><path d=\"M16 13H8\"><\/path><path d=\"M16 17H8\"><\/path><\/svg>\t\t\t<\/div>\n\t\t<\/div>\n\t\t\t\t\t\t<\/div>\n\t\t\t\t<div class=\"elementor-element elementor-element-797b454 elementor-widget elementor-widget-heading\" data-id=\"797b454\" data-element_type=\"widget\" data-widget_type=\"heading.default\">\n\t\t\t\t\t<h2 class=\"elementor-heading-title elementor-size-default\">Insolvencias Punibles<\/h2>\t\t\t\t<\/div>\n\t\t\t\t<div class=\"elementor-element elementor-element-507af54 elementor-widget__width-inherit elementor-widget elementor-widget-text-editor\" data-id=\"507af54\" data-element_type=\"widget\" data-widget_type=\"text-editor.default\">\n\t\t\t\t\t\t\t\t\t<p class=\"text-gray-600 mb-5 flex-grow\">Especializaci\u00f3n en la defensa de alzamientos de bienes, concursos fraudulentos y otras figuras delictivas relacionadas con situaciones de insolvencia.<\/p>\t\t\t\t\t\t\t\t<\/div>\n\t\t\t\t<div class=\"elementor-element elementor-element-f7902bb elementor-align-justify elementor-widget elementor-widget-button\" data-id=\"f7902bb\" data-element_type=\"widget\" data-widget_type=\"button.default\">\n\t\t\t\t\t\t\t\t\t\t<a class=\"elementor-button elementor-button-link elementor-size-sm\" href=\"#\">\n\t\t\t\t\t\t<span class=\"elementor-button-content-wrapper\">\n\t\t\t\t\t\t\t\t\t<span class=\"elementor-button-text\">M\u00e1s informaci\u00f3n<\/span>\n\t\t\t\t\t<\/span>\n\t\t\t\t\t<\/a>\n\t\t\t\t\t\t\t\t<\/div>\n\t\t\t\t<\/div>\n\t\t\t\t<\/div>\n\t\t\t\t\t<\/div>\n\t\t\t\t<\/div>\n\t\t<div class=\"elementor-element elementor-element-6d00401 e-flex e-con-boxed e-con e-parent\" data-id=\"6d00401\" data-element_type=\"container\">\n\t\t\t\t\t<div class=\"e-con-inner\">\n\t\t\t\t<div class=\"elementor-element elementor-element-9551fe7 elementor-widget elementor-widget-heading\" data-id=\"9551fe7\" data-element_type=\"widget\" data-widget_type=\"heading.default\">\n\t\t\t\t\t<h2 class=\"elementor-heading-title elementor-size-default\">Nuestro Enfoque<\/h2>\t\t\t\t<\/div>\n\t\t<div class=\"elementor-element elementor-element-349aeed e-flex e-con-boxed e-con e-child\" data-id=\"349aeed\" data-element_type=\"container\">\n\t\t\t\t\t<div class=\"e-con-inner\">\n\t\t\t\t<div class=\"elementor-element elementor-element-4066515 elementor-widget elementor-widget-heading\" data-id=\"4066515\" data-element_type=\"widget\" data-widget_type=\"heading.default\">\n\t\t\t\t\t<h2 class=\"elementor-heading-title elementor-size-default\">An\u00e1lisis Jur\u00eddico Profundo<\/h2>\t\t\t\t<\/div>\n\t\t\t\t<div class=\"elementor-element elementor-element-b03908e elementor-widget elementor-widget-text-editor\" data-id=\"b03908e\" data-element_type=\"widget\" data-widget_type=\"text-editor.default\">\n\t\t\t\t\t\t\t\t\t<p>Cada caso es objeto de un an\u00e1lisis exhaustivo para identificar todos los elementos jur\u00eddicos relevantes, las posibles l\u00edneas de defensa y las vulnerabilidades del procedimiento. Este an\u00e1lisis nos permite dise\u00f1ar una estrategia de defensa s\u00f3lida y fundamentada.<\/p>\t\t\t\t\t\t\t\t<\/div>\n\t\t\t\t<div class=\"elementor-element elementor-element-e0c312a elementor-widget elementor-widget-heading\" data-id=\"e0c312a\" data-element_type=\"widget\" data-widget_type=\"heading.default\">\n\t\t\t\t\t<h2 class=\"elementor-heading-title elementor-size-default\">Estrategia Personalizada\n<\/h2>\t\t\t\t<\/div>\n\t\t\t\t<div class=\"elementor-element elementor-element-83ff13c elementor-widget elementor-widget-text-editor\" data-id=\"83ff13c\" data-element_type=\"widget\" data-widget_type=\"text-editor.default\">\n\t\t\t\t\t\t\t\t\t<p>No existen dos casos iguales. Por ello, desarrollamos estrategias de defensa completamente personalizadas, adaptadas a las circunstancias espec\u00edficas de cada cliente y procedimiento, siempre orientadas a la consecuci\u00f3n del mejor resultado posible.<\/p>\t\t\t\t\t\t\t\t<\/div>\n\t\t\t\t<div class=\"elementor-element elementor-element-6d28b2b elementor-widget elementor-widget-heading\" data-id=\"6d28b2b\" data-element_type=\"widget\" data-widget_type=\"heading.default\">\n\t\t\t\t\t<h2 class=\"elementor-heading-title elementor-size-default\">Comunicaci\u00f3n Clara y Constante<\/h2>\t\t\t\t<\/div>\n\t\t\t\t<div class=\"elementor-element elementor-element-5ba2d60 elementor-widget elementor-widget-text-editor\" data-id=\"5ba2d60\" data-element_type=\"widget\" data-widget_type=\"text-editor.default\">\n\t\t\t\t\t\t\t\t\t<p>Mantenemos una comunicaci\u00f3n fluida y transparente con nuestros clientes, explicando en todo momento la situaci\u00f3n jur\u00eddica, las opciones disponibles y las actuaciones que se est\u00e1n llevando a cabo, para que puedan tomar decisiones informadas.<\/p>\t\t\t\t\t\t\t\t<\/div>\n\t\t\t\t<div class=\"elementor-element elementor-element-bc5e616 elementor-widget elementor-widget-heading\" data-id=\"bc5e616\" data-element_type=\"widget\" data-widget_type=\"heading.default\">\n\t\t\t\t\t<h2 class=\"elementor-heading-title elementor-size-default\">Confidencialidad Absoluta\n<\/h2>\t\t\t\t<\/div>\n\t\t\t\t<div class=\"elementor-element elementor-element-17dbb8e elementor-widget elementor-widget-text-editor\" data-id=\"17dbb8e\" data-element_type=\"widget\" data-widget_type=\"text-editor.default\">\n\t\t\t\t\t\t\t\t\t<p>La confidencialidad es un pilar fundamental en nuestra relaci\u00f3n con los clientes. Garantizamos la m\u00e1xima discreci\u00f3n y la protecci\u00f3n rigurosa de toda la informaci\u00f3n sensible que se nos conf\u00eda.<\/p>\t\t\t\t\t\t\t\t<\/div>\n\t\t\t\t<div class=\"elementor-element elementor-element-91f42fb elementor-widget elementor-widget-heading\" data-id=\"91f42fb\" data-element_type=\"widget\" data-widget_type=\"heading.default\">\n\t\t\t\t\t<h2 class=\"elementor-heading-title elementor-size-default\">Actualizaci\u00f3n Permanente\n<\/h2>\t\t\t\t<\/div>\n\t\t\t\t<div class=\"elementor-element elementor-element-e89bff8 elementor-widget elementor-widget-text-editor\" data-id=\"e89bff8\" data-element_type=\"widget\" data-widget_type=\"text-editor.default\">\n\t\t\t\t\t\t\t\t\t<p>El Derecho Penal Econ\u00f3mico es un \u00e1mbito en constante evoluci\u00f3n. Nuestro equipo se mantiene permanentemente actualizado sobre las novedades legislativas, doctrinales y jurisprudenciales para ofrecer siempre la defensa m\u00e1s efectiva.<\/p>\t\t\t\t\t\t\t\t<\/div>\n\t\t\t\t\t<\/div>\n\t\t\t\t<\/div>\n\t\t\t\t\t<\/div>\n\t\t\t\t<\/div>\n\t\t\t\t<\/div>\n\t\t","protected":false},"excerpt":{"rendered":"<p>Servicios Jur\u00eddicos Especializados Ofrecemos asesoramiento y defensa de m\u00e1ximo nivel en todas las \u00e1reas del Derecho Penal Econ\u00f3mico Derecho Penal Econ\u00f3mico En PRADA ABOGADOS nos dedicamos exclusivamente a la pr\u00e1ctica del Derecho Penal Econ\u00f3mico, un \u00e1rea del Derecho Penal que requiere no solo conocimientos jur\u00eddicos profundos, sino tambi\u00e9n una s\u00f3lida comprensi\u00f3n del entorno econ\u00f3mico, financiero [&hellip;]<\/p>\n","protected":false},"author":1,"featured_media":0,"parent":0,"menu_order":0,"comment_status":"closed","ping_status":"closed","template":"","meta":{"footnotes":""},"class_list":["post-162","page","type-page","status-publish","hentry"],"_links":{"self":[{"href":"https:\/\/pradaabogados.es\/index.php\/wp-json\/wp\/v2\/pages\/162","targetHints":{"allow":["GET"]}}],"collection":[{"href":"https:\/\/pradaabogados.es\/index.php\/wp-json\/wp\/v2\/pages"}],"about":[{"href":"https:\/\/pradaabogados.es\/index.php\/wp-json\/wp\/v2\/types\/page"}],"author":[{"embeddable":true,"href":"https:\/\/pradaabogados.es\/index.php\/wp-json\/wp\/v2\/users\/1"}],"replies":[{"embeddable":true,"href":"https:\/\/pradaabogados.es\/index.php\/wp-json\/wp\/v2\/comments?post=162"}],"version-history":[{"count":37,"href":"https:\/\/pradaabogados.es\/index.php\/wp-json\/wp\/v2\/pages\/162\/revisions"}],"predecessor-version":[{"id":603,"href":"https:\/\/pradaabogados.es\/index.php\/wp-json\/wp\/v2\/pages\/162\/revisions\/603"}],"wp:attachment":[{"href":"https:\/\/pradaabogados.es\/index.php\/wp-json\/wp\/v2\/media?parent=162"}],"curies":[{"name":"wp","href":"https:\/\/api.w.org\/{rel}","templated":true}]}}